{"id":7,"date":"2025-05-06T02:27:50","date_gmt":"2025-05-06T02:27:50","guid":{"rendered":"https:\/\/insightpratico.com.br\/?page_id=7"},"modified":"2026-03-11T00:05:29","modified_gmt":"2026-03-11T00:05:29","slug":"insight-pratico","status":"publish","type":"page","link":"https:\/\/insightpratico.com.br\/","title":{"rendered":"Insight Pr\u00e1tico"},"content":{"rendered":"\t\t<div data-elementor-type=\"wp-page\" data-elementor-id=\"7\" class=\"elementor elementor-7\">\n\t\t\t\t<div class=\"elementor-element elementor-element-5575d1ca e-flex e-con-boxed e-con e-parent\" data-id=\"5575d1ca\" data-element_type=\"container\" data-e-type=\"container\" data-settings=\"{&quot;background_background&quot;:&quot;classic&quot;}\">\n\t\t\t\t\t<div class=\"e-con-inner\">\n\t\t<div class=\"elementor-element elementor-element-5ef39ab8 e-con-full e-flex e-con e-child\" data-id=\"5ef39ab8\" data-element_type=\"container\" data-e-type=\"container\">\n\t\t\t\t<div class=\"elementor-element elementor-element-53ac622 elementor-widget elementor-widget-heading\" data-id=\"53ac622\" data-element_type=\"widget\" data-e-type=\"widget\" data-widget_type=\"heading.default\">\n\t\t\t\t<div class=\"elementor-widget-container\">\n\t\t\t\t\t<h1 class=\"elementor-heading-title elementor-size-default\">Sites profissionais para destacar o seu neg\u00f3cio.<\/h1>\t\t\t\t<\/div>\n\t\t\t\t<\/div>\n\t\t\t\t<div class=\"elementor-element elementor-element-52cb9ee8 elementor-widget elementor-widget-text-editor\" data-id=\"52cb9ee8\" data-element_type=\"widget\" data-e-type=\"widget\" data-widget_type=\"text-editor.default\">\n\t\t\t\t<div class=\"elementor-widget-container\">\n\t\t\t\t\t\t\t\t\t<p>Solu\u00e7\u00f5es digitais sob medida para dar visibilidade ao seu neg\u00f3cio.<\/p>\t\t\t\t\t\t\t\t<\/div>\n\t\t\t\t<\/div>\n\t\t\t\t<div class=\"elementor-element elementor-element-39858308 elementor-mobile-align-center elementor-widget elementor-widget-button\" data-id=\"39858308\" data-element_type=\"widget\" data-e-type=\"widget\" data-widget_type=\"button.default\">\n\t\t\t\t<div class=\"elementor-widget-container\">\n\t\t\t\t\t\t\t\t\t<div class=\"elementor-button-wrapper\">\n\t\t\t\t\t<a class=\"elementor-button elementor-button-link elementor-size-sm\" href=\"https:\/\/wa.me\/5546991162080?text=Ol%C3%A1%2C%20vim%20do%20site.%20Gostaria%20de%20um%20or%C3%A7amento.\" target=\"_blank\">\n\t\t\t\t\t\t<span class=\"elementor-button-content-wrapper\">\n\t\t\t\t\t\t\t\t\t<span class=\"elementor-button-text\">Entre em contato<\/span>\n\t\t\t\t\t<\/span>\n\t\t\t\t\t<\/a>\n\t\t\t\t<\/div>\n\t\t\t\t\t\t\t\t<\/div>\n\t\t\t\t<\/div>\n\t\t\t\t<\/div>\n\t\t<div class=\"elementor-element elementor-element-611886b e-con-full e-flex e-con e-child\" data-id=\"611886b\" data-element_type=\"container\" data-e-type=\"container\">\n\t\t\t\t<div class=\"elementor-element elementor-element-1b824e1b elementor-widget elementor-widget-image\" data-id=\"1b824e1b\" data-element_type=\"widget\" data-e-type=\"widget\" data-widget_type=\"image.default\">\n\t\t\t\t<div class=\"elementor-widget-container\">\n\t\t\t\t\t\t\t\t\t\t\t\t\t\t\t<img fetchpriority=\"high\" decoding=\"async\" width=\"1024\" height=\"683\" src=\"https:\/\/insightpratico.com.br\/wp-content\/uploads\/2025\/09\/BG-insight-pratico-1-1024x683.png\" class=\"attachment-large size-large wp-image-33\" alt=\"\" srcset=\"https:\/\/insightpratico.com.br\/wp-content\/uploads\/2025\/09\/BG-insight-pratico-1-1024x683.png 1024w, https:\/\/insightpratico.com.br\/wp-content\/uploads\/2025\/09\/BG-insight-pratico-1-300x200.png 300w, https:\/\/insightpratico.com.br\/wp-content\/uploads\/2025\/09\/BG-insight-pratico-1-768x512.png 768w, https:\/\/insightpratico.com.br\/wp-content\/uploads\/2025\/09\/BG-insight-pratico-1.png 1536w\" sizes=\"(max-width: 1024px) 100vw, 1024px\" \/>\t\t\t\t\t\t\t\t\t\t\t\t\t\t\t<\/div>\n\t\t\t\t<\/div>\n\t\t\t\t<\/div>\n\t\t\t\t\t<\/div>\n\t\t\t\t<\/div>\n\t\t<div class=\"elementor-element elementor-element-3fe28808 e-flex e-con-boxed e-con e-parent\" data-id=\"3fe28808\" data-element_type=\"container\" data-e-type=\"container\">\n\t\t\t\t\t<div class=\"e-con-inner\">\n\t\t<div class=\"elementor-element elementor-element-476d3757 e-con-full e-flex e-con e-child\" data-id=\"476d3757\" data-element_type=\"container\" data-e-type=\"container\">\n\t\t<div class=\"elementor-element elementor-element-223f3bbb e-con-full e-flex e-con e-child\" data-id=\"223f3bbb\" data-element_type=\"container\" data-e-type=\"container\">\n\t\t\t\t<div class=\"elementor-element elementor-element-5422910a elementor-widget elementor-widget-image\" data-id=\"5422910a\" data-element_type=\"widget\" data-e-type=\"widget\" data-widget_type=\"image.default\">\n\t\t\t\t<div class=\"elementor-widget-container\">\n\t\t\t\t\t\t\t\t\t\t\t\t\t\t\t<img decoding=\"async\" width=\"800\" height=\"533\" src=\"https:\/\/insightpratico.com.br\/wp-content\/uploads\/2025\/09\/bg-sobre.jpg\" class=\"attachment-large size-large wp-image-51\" alt=\"\" srcset=\"https:\/\/insightpratico.com.br\/wp-content\/uploads\/2025\/09\/bg-sobre.jpg 800w, https:\/\/insightpratico.com.br\/wp-content\/uploads\/2025\/09\/bg-sobre-300x200.jpg 300w, https:\/\/insightpratico.com.br\/wp-content\/uploads\/2025\/09\/bg-sobre-768x512.jpg 768w\" sizes=\"(max-width: 800px) 100vw, 800px\" \/>\t\t\t\t\t\t\t\t\t\t\t\t\t\t\t<\/div>\n\t\t\t\t<\/div>\n\t\t\t\t<\/div>\n\t\t\t\t<\/div>\n\t\t<div class=\"elementor-element elementor-element-3e597d43 e-con-full e-flex e-con e-child\" data-id=\"3e597d43\" data-element_type=\"container\" data-e-type=\"container\">\n\t\t\t\t<div class=\"elementor-element elementor-element-67670f9 elementor-widget elementor-widget-heading\" data-id=\"67670f9\" data-element_type=\"widget\" data-e-type=\"widget\" data-widget_type=\"heading.default\">\n\t\t\t\t<div class=\"elementor-widget-container\">\n\t\t\t\t\t<h3 class=\"elementor-heading-title elementor-size-default\">Sobre n\u00f3s<\/h3>\t\t\t\t<\/div>\n\t\t\t\t<\/div>\n\t\t\t\t<div class=\"elementor-element elementor-element-52a26637 elementor-widget elementor-widget-text-editor\" data-id=\"52a26637\" data-element_type=\"widget\" data-e-type=\"widget\" data-widget_type=\"text-editor.default\">\n\t\t\t\t<div class=\"elementor-widget-container\">\n\t\t\t\t\t\t\t\t\t<p data-start=\"102\" data-end=\"262\">Desde 2017, trabalhamos com <strong data-start=\"130\" data-end=\"143\">WordPress<\/strong> oferecendo solu\u00e7\u00f5es digitais que ajudam empresas e empreendedores de todo o Brasil a fortalecer sua presen\u00e7a online.<\/p><p data-start=\"264\" data-end=\"453\">Nosso foco \u00e9 desenvolver <strong data-start=\"289\" data-end=\"306\">landing pages<\/strong>, <strong data-start=\"308\" data-end=\"330\">sites corporativos<\/strong>, <strong data-start=\"332\" data-end=\"350\">lojas virtuais<\/strong> e <strong data-start=\"353\" data-end=\"378\">bases de conhecimento<\/strong> sob medida, sempre priorizando desempenho, usabilidade e design moderno.<\/p><p data-start=\"455\" data-end=\"574\">Com experi\u00eancia e dedica\u00e7\u00e3o, transformamos ideias em projetos digitais que geram resultados reais para o seu neg\u00f3cio.<\/p>\t\t\t\t\t\t\t\t<\/div>\n\t\t\t\t<\/div>\n\t\t\t\t<div class=\"elementor-element elementor-element-9fceace elementor-mobile-align-center elementor-widget elementor-widget-button\" data-id=\"9fceace\" data-element_type=\"widget\" data-e-type=\"widget\" data-widget_type=\"button.default\">\n\t\t\t\t<div class=\"elementor-widget-container\">\n\t\t\t\t\t\t\t\t\t<div class=\"elementor-button-wrapper\">\n\t\t\t\t\t<a class=\"elementor-button elementor-button-link elementor-size-sm\" href=\"https:\/\/wa.me\/5546991162080?text=Ol%C3%A1%2C%20vim%20do%20site.%20Gostaria%20de%20um%20or%C3%A7amento.\" target=\"_blank\">\n\t\t\t\t\t\t<span class=\"elementor-button-content-wrapper\">\n\t\t\t\t\t\t\t\t\t<span class=\"elementor-button-text\">Entre em contato<\/span>\n\t\t\t\t\t<\/span>\n\t\t\t\t\t<\/a>\n\t\t\t\t<\/div>\n\t\t\t\t\t\t\t\t<\/div>\n\t\t\t\t<\/div>\n\t\t\t\t<\/div>\n\t\t\t\t\t<\/div>\n\t\t\t\t<\/div>\n\t\t<div class=\"elementor-element elementor-element-35f5ac44 e-con-full e-flex e-con e-parent\" data-id=\"35f5ac44\" data-element_type=\"container\" data-e-type=\"container\" id=\"next\">\n\t\t\t\t<div class=\"elementor-element elementor-element-31707e3a elementor-widget elementor-widget-heading\" data-id=\"31707e3a\" data-element_type=\"widget\" data-e-type=\"widget\" data-widget_type=\"heading.default\">\n\t\t\t\t<div class=\"elementor-widget-container\">\n\t\t\t\t\t<h3 class=\"elementor-heading-title elementor-size-default\">Nossos servi\u00e7os<\/h3>\t\t\t\t<\/div>\n\t\t\t\t<\/div>\n\t\t\t\t<div class=\"elementor-element elementor-element-47e72783 elementor-widget elementor-widget-heading\" data-id=\"47e72783\" data-element_type=\"widget\" data-e-type=\"widget\" data-widget_type=\"heading.default\">\n\t\t\t\t<div class=\"elementor-widget-container\">\n\t\t\t\t\t<p class=\"elementor-heading-title elementor-size-default\">Confira nossos servi\u00e7os<\/p>\t\t\t\t<\/div>\n\t\t\t\t<\/div>\n\t\t<div class=\"elementor-element elementor-element-818b857 e-con-full e-flex e-con e-child\" data-id=\"818b857\" data-element_type=\"container\" data-e-type=\"container\">\n\t\t<div class=\"elementor-element elementor-element-7e9e9b4d e-con-full e-flex e-con e-child\" data-id=\"7e9e9b4d\" data-element_type=\"container\" data-e-type=\"container\">\n\t\t\t\t<div class=\"elementor-element elementor-element-7fe186d5 elementor-position-top elementor-widget elementor-widget-image-box\" data-id=\"7fe186d5\" data-element_type=\"widget\" data-e-type=\"widget\" data-widget_type=\"image-box.default\">\n\t\t\t\t<div class=\"elementor-widget-container\">\n\t\t\t\t\t<div class=\"elementor-image-box-wrapper\"><figure class=\"elementor-image-box-img\"><a href=\"#\" tabindex=\"-1\"><img decoding=\"async\" width=\"640\" height=\"426\" src=\"https:\/\/insightpratico.com.br\/wp-content\/uploads\/2025\/09\/lauren-mancke-aOC7TSLb1o8-unsplash.jpg\" class=\"elementor-animation-grow attachment-full size-full wp-image-92\" alt=\"\" srcset=\"https:\/\/insightpratico.com.br\/wp-content\/uploads\/2025\/09\/lauren-mancke-aOC7TSLb1o8-unsplash.jpg 640w, https:\/\/insightpratico.com.br\/wp-content\/uploads\/2025\/09\/lauren-mancke-aOC7TSLb1o8-unsplash-300x200.jpg 300w\" sizes=\"(max-width: 640px) 100vw, 640px\" \/><\/a><\/figure><div class=\"elementor-image-box-content\"><h4 class=\"elementor-image-box-title\"><a href=\"#\">Landing pages<\/a><\/h4><p class=\"elementor-image-box-description\">P\u00e1ginas otimizadas para captar leads e gerar convers\u00f5es com foco em resultados.<\/p><\/div><\/div>\t\t\t\t<\/div>\n\t\t\t\t<\/div>\n\t\t\t\t<\/div>\n\t\t<div class=\"elementor-element elementor-element-24ae0826 e-con-full e-flex e-con e-child\" data-id=\"24ae0826\" data-element_type=\"container\" data-e-type=\"container\">\n\t\t\t\t<div class=\"elementor-element elementor-element-601fb2e7 elementor-position-top elementor-widget elementor-widget-image-box\" data-id=\"601fb2e7\" data-element_type=\"widget\" data-e-type=\"widget\" data-widget_type=\"image-box.default\">\n\t\t\t\t<div class=\"elementor-widget-container\">\n\t\t\t\t\t<div class=\"elementor-image-box-wrapper\"><figure class=\"elementor-image-box-img\"><a href=\"#\" tabindex=\"-1\"><img loading=\"lazy\" decoding=\"async\" width=\"640\" height=\"427\" src=\"https:\/\/insightpratico.com.br\/wp-content\/uploads\/2025\/09\/charles-forerunner-3fPXt37X6UQ-unsplash.jpg\" class=\"elementor-animation-grow attachment-full size-full wp-image-93\" alt=\"\" srcset=\"https:\/\/insightpratico.com.br\/wp-content\/uploads\/2025\/09\/charles-forerunner-3fPXt37X6UQ-unsplash.jpg 640w, https:\/\/insightpratico.com.br\/wp-content\/uploads\/2025\/09\/charles-forerunner-3fPXt37X6UQ-unsplash-300x200.jpg 300w\" sizes=\"(max-width: 640px) 100vw, 640px\" \/><\/a><\/figure><div class=\"elementor-image-box-content\"><h4 class=\"elementor-image-box-title\"><a href=\"#\">Site empresarial<\/a><\/h4><p class=\"elementor-image-box-description\">Presen\u00e7a digital profissional para destacar sua marca e transmitir credibilidade.<\/p><\/div><\/div>\t\t\t\t<\/div>\n\t\t\t\t<\/div>\n\t\t\t\t<\/div>\n\t\t<div class=\"elementor-element elementor-element-1c3dbc96 e-con-full e-flex e-con e-child\" data-id=\"1c3dbc96\" data-element_type=\"container\" data-e-type=\"container\">\n\t\t\t\t<div class=\"elementor-element elementor-element-6af34b14 elementor-position-top elementor-widget elementor-widget-image-box\" data-id=\"6af34b14\" data-element_type=\"widget\" data-e-type=\"widget\" data-widget_type=\"image-box.default\">\n\t\t\t\t<div class=\"elementor-widget-container\">\n\t\t\t\t\t<div class=\"elementor-image-box-wrapper\"><figure class=\"elementor-image-box-img\"><a href=\"#\" tabindex=\"-1\"><img loading=\"lazy\" decoding=\"async\" width=\"640\" height=\"360\" src=\"https:\/\/insightpratico.com.br\/wp-content\/uploads\/2025\/09\/shutter-speed-BQ9usyzHx_w-unsplash.jpg\" class=\"elementor-animation-grow attachment-full size-full wp-image-91\" alt=\"\" srcset=\"https:\/\/insightpratico.com.br\/wp-content\/uploads\/2025\/09\/shutter-speed-BQ9usyzHx_w-unsplash.jpg 640w, https:\/\/insightpratico.com.br\/wp-content\/uploads\/2025\/09\/shutter-speed-BQ9usyzHx_w-unsplash-300x169.jpg 300w\" sizes=\"(max-width: 640px) 100vw, 640px\" \/><\/a><\/figure><div class=\"elementor-image-box-content\"><h4 class=\"elementor-image-box-title\"><a href=\"#\">E-commerces<\/a><\/h4><p class=\"elementor-image-box-description\">E-commerces completos, com praticidade e seguran\u00e7a para vender online.<\/p><\/div><\/div>\t\t\t\t<\/div>\n\t\t\t\t<\/div>\n\t\t\t\t<\/div>\n\t\t<div class=\"elementor-element elementor-element-25f13c06 e-con-full e-flex e-con e-child\" data-id=\"25f13c06\" data-element_type=\"container\" data-e-type=\"container\">\n\t\t\t\t<div class=\"elementor-element elementor-element-7a82a420 elementor-position-top elementor-widget elementor-widget-image-box\" data-id=\"7a82a420\" data-element_type=\"widget\" data-e-type=\"widget\" data-widget_type=\"image-box.default\">\n\t\t\t\t<div class=\"elementor-widget-container\">\n\t\t\t\t\t<div class=\"elementor-image-box-wrapper\"><figure class=\"elementor-image-box-img\"><a href=\"#\" tabindex=\"-1\"><img loading=\"lazy\" decoding=\"async\" width=\"640\" height=\"426\" src=\"https:\/\/insightpratico.com.br\/wp-content\/uploads\/2025\/09\/glenn-carstens-peters-npxXWgQ33ZQ-unsplash.jpg\" class=\"elementor-animation-grow attachment-full size-full wp-image-94\" alt=\"\" srcset=\"https:\/\/insightpratico.com.br\/wp-content\/uploads\/2025\/09\/glenn-carstens-peters-npxXWgQ33ZQ-unsplash.jpg 640w, https:\/\/insightpratico.com.br\/wp-content\/uploads\/2025\/09\/glenn-carstens-peters-npxXWgQ33ZQ-unsplash-300x200.jpg 300w\" sizes=\"(max-width: 640px) 100vw, 640px\" \/><\/a><\/figure><div class=\"elementor-image-box-content\"><h4 class=\"elementor-image-box-title\"><a href=\"#\">Base de conhecimento<\/a><\/h4><p class=\"elementor-image-box-description\">Plataformas organizadas para centralizar informa\u00e7\u00f5es e facilitar o acesso.<\/p><\/div><\/div>\t\t\t\t<\/div>\n\t\t\t\t<\/div>\n\t\t\t\t<\/div>\n\t\t\t\t<\/div>\n\t\t\t\t<\/div>\n\t\t<div class=\"elementor-element elementor-element-1e20a4a7 e-con-full e-flex e-con e-parent\" data-id=\"1e20a4a7\" data-element_type=\"container\" data-e-type=\"container\" data-settings=\"{&quot;background_background&quot;:&quot;classic&quot;}\">\n\t\t\t\t<div class=\"elementor-element elementor-element-7351b0fc elementor-widget elementor-widget-heading\" data-id=\"7351b0fc\" data-element_type=\"widget\" data-e-type=\"widget\" data-widget_type=\"heading.default\">\n\t\t\t\t<div class=\"elementor-widget-container\">\n\t\t\t\t\t<p class=\"elementor-heading-title elementor-size-default\">2026 \u00a9 - Todos os direitos reservados<\/p>\t\t\t\t<\/div>\n\t\t\t\t<\/div>\n\t\t\t\t<\/div>\n\t\t\t\t<\/div>\n\t\t","protected":false},"excerpt":{"rendered":"<p>Sites profissionais para destacar o seu neg\u00f3cio. Solu\u00e7\u00f5es digitais sob medida para dar visibilidade ao seu neg\u00f3cio. Entre em contato Sobre n\u00f3s Desde 2017, trabalhamos com WordPress oferecendo solu\u00e7\u00f5es digitais que ajudam empresas e empreendedores de todo o Brasil a fortalecer sua presen\u00e7a online. Nosso foco \u00e9 desenvolver landing pages, sites corporativos, lojas virtuais e [&hellip;]<\/p>\n","protected":false},"author":1,"featured_media":0,"parent":0,"menu_order":0,"comment_status":"closed","ping_status":"closed","template":"elementor_canvas","meta":{"footnotes":""},"class_list":["post-7","page","type-page","status-publish","hentry"],"_links":{"self":[{"href":"https:\/\/insightpratico.com.br\/index.php?rest_route=\/wp\/v2\/pages\/7","targetHints":{"allow":["GET"]}}],"collection":[{"href":"https:\/\/insightpratico.com.br\/index.php?rest_route=\/wp\/v2\/pages"}],"about":[{"href":"https:\/\/insightpratico.com.br\/index.php?rest_route=\/wp\/v2\/types\/page"}],"author":[{"embeddable":true,"href":"https:\/\/insightpratico.com.br\/index.php?rest_route=\/wp\/v2\/users\/1"}],"replies":[{"embeddable":true,"href":"https:\/\/insightpratico.com.br\/index.php?rest_route=%2Fwp%2Fv2%2Fcomments&post=7"}],"version-history":[{"count":80,"href":"https:\/\/insightpratico.com.br\/index.php?rest_route=\/wp\/v2\/pages\/7\/revisions"}],"predecessor-version":[{"id":118,"href":"https:\/\/insightpratico.com.br\/index.php?rest_route=\/wp\/v2\/pages\/7\/revisions\/118"}],"wp:attachment":[{"href":"https:\/\/insightpratico.com.br\/index.php?rest_route=%2Fwp%2Fv2%2Fmedia&parent=7"}],"curies":[{"name":"wp","href":"https:\/\/api.w.org\/{rel}","templated":true}]}}